{"id":1246,"date":"2024-05-14T17:58:48","date_gmt":"2024-05-14T15:58:48","guid":{"rendered":"https:\/\/fortbildungen.scobees.com\/?page_id=1246"},"modified":"2024-05-15T08:50:20","modified_gmt":"2024-05-15T06:50:20","slug":"impressum","status":"publish","type":"page","link":"https:\/\/fortbildungen.scobees.com\/index.php\/impressum\/","title":{"rendered":"Impressum"},"content":{"rendered":"<!--themify_builder_content-->\n<div id=\"themify_builder_content-1246\" data-postid=\"1246\" class=\"themify_builder_content themify_builder_content-1246 themify_builder tf_clear\">\n    \t\t\t<!-- module_row -->\n\t<div  data-lazy=\"1\" class=\"module_row themify_builder_row tb_07nh337 tb_first tf_w tf_clearfix\">\n\t    \t\t\t<div class=\"row_inner col_align_top tb_col_count_1 tf_box tf_rel\">\n\t\t            <div  data-lazy=\"1\" class=\"module_column tb-column col-full tb_uzw9337 first\">\n                                                        <div class=\"tb-column-inner tf_box tf_w\">\n                        <!-- module text -->\n<div  class=\"module module-text tb_1aig341   \" data-lazy=\"1\">\n        <div  class=\"tb_text_wrap\">\n    <p>Verantwortliche nach \u00a75 Telemediengesetz (TMG)<\/p>\n<p>Scobees GmbH<br>Neusser Str. 5-7<br>50670 K\u00f6ln<\/p>\n<p>Kontakt: 0221 950 198 85<br>Email: info@scobees.com<\/p>\n<p>Vertreten durch: Ann-Christin D\u00f6rfle &amp; Lena Spak<\/p>\n<p>Amtsgericht K\u00f6ln<br>Handelsregister: HRB 102317<br>Ust-Id: 33 50 36 117<\/p>\n<p>Fragen zum Datenschutz: datenschutz@scobees.com<\/p>    <\/div>\n<\/div>\n<!-- \/module text -->                    <\/div>\n                            <\/div>\n            \t    <\/div>\n\t    <!-- \/row_inner -->\n\t<\/div>\n\t<!-- \/module_row -->\n\t<\/div>\n<!--\/themify_builder_content-->","protected":false},"excerpt":{"rendered":"<p>Verantwortliche nach \u00a75 Telemediengesetz (TMG) Scobees GmbHNeusser Str. 5-750670 K\u00f6ln Kontakt: 0221 950 198 85Email: info@scobees.com Vertreten durch: Ann-Christin D\u00f6rfle &amp; Lena Spak Amtsgericht K\u00f6lnHandelsregister: HRB 102317Ust-Id: 33 50 36 [&hellip;]<\/p>\n","protected":false},"author":9,"featured_media":0,"parent":0,"menu_order":0,"comment_status":"closed","ping_status":"closed","template":"","meta":{"footnotes":""},"class_list":["post-1246","page","type-page","status-publish","hentry","has-post-title","has-post-date","has-post-category","has-post-tag","has-post-comment","has-post-author",""],"builder_content":"<p>Verantwortliche nach \u00a75 Telemediengesetz (TMG)<\/p> <p>Scobees GmbH<br>Neusser Str. 5-7<br>50670 K\u00f6ln<\/p> <p>Kontakt: 0221 950 198 85<br>Email: info@scobees.com<\/p> <p>Vertreten durch: Ann-Christin D\u00f6rfle &amp; Lena Spak<\/p> <p>Amtsgericht K\u00f6ln<br>Handelsregister: HRB 102317<br>Ust-Id: 33 50 36 117<\/p> <p>Fragen zum Datenschutz: datenschutz@scobees.com<\/p>","_links":{"self":[{"href":"https:\/\/fortbildungen.scobees.com\/index.php\/wp-json\/wp\/v2\/pages\/1246","targetHints":{"allow":["GET"]}}],"collection":[{"href":"https:\/\/fortbildungen.scobees.com\/index.php\/wp-json\/wp\/v2\/pages"}],"about":[{"href":"https:\/\/fortbildungen.scobees.com\/index.php\/wp-json\/wp\/v2\/types\/page"}],"author":[{"embeddable":true,"href":"https:\/\/fortbildungen.scobees.com\/index.php\/wp-json\/wp\/v2\/users\/9"}],"replies":[{"embeddable":true,"href":"https:\/\/fortbildungen.scobees.com\/index.php\/wp-json\/wp\/v2\/comments?post=1246"}],"version-history":[{"count":4,"href":"https:\/\/fortbildungen.scobees.com\/index.php\/wp-json\/wp\/v2\/pages\/1246\/revisions"}],"predecessor-version":[{"id":1260,"href":"https:\/\/fortbildungen.scobees.com\/index.php\/wp-json\/wp\/v2\/pages\/1246\/revisions\/1260"}],"wp:attachment":[{"href":"https:\/\/fortbildungen.scobees.com\/index.php\/wp-json\/wp\/v2\/media?parent=1246"}],"curies":[{"name":"wp","href":"https:\/\/api.w.org\/{rel}","templated":true}]}}